{"id":5007,"date":"2021-10-29T18:11:45","date_gmt":"2021-10-29T16:11:45","guid":{"rendered":"https:\/\/www.esmovia.es\/aviso-legal\/"},"modified":"2022-01-11T18:45:49","modified_gmt":"2022-01-11T17:45:49","slug":"legal-notice","status":"publish","type":"page","link":"https:\/\/www.esmovia.es\/en\/legal-notice\/","title":{"rendered":"Legal notice"},"content":{"rendered":"\n<p>The use of this website and its services imply the reading, understanding, and acceptance of this legal notice by the user.<\/p>\n\n\n\n<p>In compliance with the provisions of Law 34\/2002, dated July 11, 2002, on Information Society Services and Electronic Commerce, we inform you of the following aspects:<\/p>\n\n\n\n<p>&#8211; Responsible for the website is: SISTEMA PRACTICES, S.L..<\/p>\n\n\n\n<p>&#8211; Address: CL. MART\u00cdNEZ CUBELLS, 2 &#8211; PTA. 6 46002 VALENCIA.<\/p>\n\n\n\n<p>&#8211; Contact e-mail address: ruiz@esmovia.es<\/p>\n\n\n\n<p>&#8211; NIF\/CIF: B97708069<\/p>\n\n\n\n<p>&#8211; The owner of the office is MAR\u00cdA \u00c1NGELES RUIZ G\u00c1MEZ.<\/p>\n\n\n\n<p>The user voluntarily and expressly accepts that the use of the Site <em>www.esmovia.es<\/em> is in any case under his sole and exclusive responsibility.<\/p>\n\n\n\n<p>In using the Site <em>www.esmovia.es<\/em>, the user undertakes not to engage in any conduct that could damage the image, interests and rights of the website or third parties or that could damage, disable or overload it, or in any way prevent the regular use of the same.<\/p>\n\n\n\n<p>The Contents of the Site <em>www.esmovia.es<\/em> is made available to the User by SISTEMA PRACTICES, S.L. with information from both own and third-party sources.<\/p>\n\n\n\n<p><em>www.esmovia.es<\/em> endeavours to ensure that the Contents are of the highest possible quality and are reasonably up to date, but SISTEMA PRACTICES, S.L. does not guarantee the usefulness, accuracy, completeness, relevance and timeliness of the Contents.<\/p>\n\n\n\n<p>No intellectual or industrial property rights are transferred over the Site <em>www.esmovia.es<\/em> nor any of its integral elements through these General Conditions. It is expressly forbidden to the user the reproduction, transformation, distribution, public communication, making available, extraction, reuse, resending or use of any nature, by any means or procedure, of any of them, except in those cases where it is legally permitted or authorized by the owner of the relevant rights.<\/p>\n\n\n\n<p>These General Conditions are governed by Spanish Law.<\/p>\n","protected":false},"excerpt":{"rendered":"<p>The use of this website and its services imply the reading, understanding, and acceptance of this legal notice by the user. In compliance with the provisions of Law 34\/2002, dated July 11, 2002, on Information Society Services and Electronic Commerce, we inform you of the following aspects: &#8211; Responsible for the website is: SISTEMA PRACTICES, [&hellip;]<\/p>\n","protected":false},"author":3,"featured_media":0,"parent":0,"menu_order":0,"comment_status":"closed","ping_status":"closed","template":"textos-legales.php","meta":{"footnotes":""},"class_list":["post-5007","page","type-page","status-publish","hentry","odd"],"acf":[],"yoast_head":"<!-- This site is optimized with the Yoast SEO plugin v27.3 - https:\/\/yoast.com\/product\/yoast-seo-wordpress\/ -->\n<title>Legal notice - Esmovia<\/title>\n<meta name=\"robots\" content=\"index, follow, max-snippet:-1, max-image-preview:large, max-video-preview:-1\" \/>\n<link rel=\"canonical\" href=\"https:\/\/www.esmovia.es\/en\/legal-notice\/\" \/>\n<meta property=\"og:locale\" content=\"en_US\" \/>\n<meta property=\"og:type\" content=\"article\" \/>\n<meta property=\"og:title\" content=\"Legal notice - Esmovia\" \/>\n<meta property=\"og:description\" content=\"The use of this website and its services imply the reading, understanding, and acceptance of this legal notice by the user. In compliance with the provisions of Law 34\/2002, dated July 11, 2002, on Information Society Services and Electronic Commerce, we inform you of the following aspects: &#8211; Responsible for the website is: SISTEMA PRACTICES, [&hellip;]\" \/>\n<meta property=\"og:url\" content=\"https:\/\/www.esmovia.es\/en\/legal-notice\/\" \/>\n<meta property=\"og:site_name\" content=\"Esmovia\" \/>\n<meta property=\"article:modified_time\" content=\"2022-01-11T17:45:49+00:00\" \/>\n<meta name=\"twitter:card\" content=\"summary_large_image\" \/>\n<meta name=\"twitter:label1\" content=\"Est. reading time\" \/>\n\t<meta name=\"twitter:data1\" content=\"2 minutes\" \/>\n<script type=\"application\/ld+json\" class=\"yoast-schema-graph\">{\"@context\":\"https:\\\/\\\/schema.org\",\"@graph\":[{\"@type\":\"WebPage\",\"@id\":\"https:\\\/\\\/www.esmovia.es\\\/en\\\/legal-notice\\\/\",\"url\":\"https:\\\/\\\/www.esmovia.es\\\/en\\\/legal-notice\\\/\",\"name\":\"Legal notice - Esmovia\",\"isPartOf\":{\"@id\":\"https:\\\/\\\/www.esmovia.es\\\/en\\\/#website\"},\"datePublished\":\"2021-10-29T16:11:45+00:00\",\"dateModified\":\"2022-01-11T17:45:49+00:00\",\"breadcrumb\":{\"@id\":\"https:\\\/\\\/www.esmovia.es\\\/en\\\/legal-notice\\\/#breadcrumb\"},\"inLanguage\":\"en-US\",\"potentialAction\":[{\"@type\":\"ReadAction\",\"target\":[\"https:\\\/\\\/www.esmovia.es\\\/en\\\/legal-notice\\\/\"]}]},{\"@type\":\"BreadcrumbList\",\"@id\":\"https:\\\/\\\/www.esmovia.es\\\/en\\\/legal-notice\\\/#breadcrumb\",\"itemListElement\":[{\"@type\":\"ListItem\",\"position\":1,\"name\":\"Portada\",\"item\":\"https:\\\/\\\/www.esmovia.es\\\/en\\\/\"},{\"@type\":\"ListItem\",\"position\":2,\"name\":\"Legal notice\"}]},{\"@type\":\"WebSite\",\"@id\":\"https:\\\/\\\/www.esmovia.es\\\/en\\\/#website\",\"url\":\"https:\\\/\\\/www.esmovia.es\\\/en\\\/\",\"name\":\"Esmovia\",\"description\":\"Training and Mobility\",\"potentialAction\":[{\"@type\":\"SearchAction\",\"target\":{\"@type\":\"EntryPoint\",\"urlTemplate\":\"https:\\\/\\\/www.esmovia.es\\\/en\\\/?s={search_term_string}\"},\"query-input\":{\"@type\":\"PropertyValueSpecification\",\"valueRequired\":true,\"valueName\":\"search_term_string\"}}],\"inLanguage\":\"en-US\"}]}<\/script>\n<!-- \/ Yoast SEO plugin. -->","yoast_head_json":{"title":"Legal notice - Esmovia","robots":{"index":"index","follow":"follow","max-snippet":"max-snippet:-1","max-image-preview":"max-image-preview:large","max-video-preview":"max-video-preview:-1"},"canonical":"https:\/\/www.esmovia.es\/en\/legal-notice\/","og_locale":"en_US","og_type":"article","og_title":"Legal notice - Esmovia","og_description":"The use of this website and its services imply the reading, understanding, and acceptance of this legal notice by the user. In compliance with the provisions of Law 34\/2002, dated July 11, 2002, on Information Society Services and Electronic Commerce, we inform you of the following aspects: &#8211; Responsible for the website is: SISTEMA PRACTICES, [&hellip;]","og_url":"https:\/\/www.esmovia.es\/en\/legal-notice\/","og_site_name":"Esmovia","article_modified_time":"2022-01-11T17:45:49+00:00","twitter_card":"summary_large_image","twitter_misc":{"Est. reading time":"2 minutes"},"schema":{"@context":"https:\/\/schema.org","@graph":[{"@type":"WebPage","@id":"https:\/\/www.esmovia.es\/en\/legal-notice\/","url":"https:\/\/www.esmovia.es\/en\/legal-notice\/","name":"Legal notice - Esmovia","isPartOf":{"@id":"https:\/\/www.esmovia.es\/en\/#website"},"datePublished":"2021-10-29T16:11:45+00:00","dateModified":"2022-01-11T17:45:49+00:00","breadcrumb":{"@id":"https:\/\/www.esmovia.es\/en\/legal-notice\/#breadcrumb"},"inLanguage":"en-US","potentialAction":[{"@type":"ReadAction","target":["https:\/\/www.esmovia.es\/en\/legal-notice\/"]}]},{"@type":"BreadcrumbList","@id":"https:\/\/www.esmovia.es\/en\/legal-notice\/#breadcrumb","itemListElement":[{"@type":"ListItem","position":1,"name":"Portada","item":"https:\/\/www.esmovia.es\/en\/"},{"@type":"ListItem","position":2,"name":"Legal notice"}]},{"@type":"WebSite","@id":"https:\/\/www.esmovia.es\/en\/#website","url":"https:\/\/www.esmovia.es\/en\/","name":"Esmovia","description":"Training and Mobility","potentialAction":[{"@type":"SearchAction","target":{"@type":"EntryPoint","urlTemplate":"https:\/\/www.esmovia.es\/en\/?s={search_term_string}"},"query-input":{"@type":"PropertyValueSpecification","valueRequired":true,"valueName":"search_term_string"}}],"inLanguage":"en-US"}]}},"_links":{"self":[{"href":"https:\/\/www.esmovia.es\/en\/wp-json\/wp\/v2\/pages\/5007","targetHints":{"allow":["GET"]}}],"collection":[{"href":"https:\/\/www.esmovia.es\/en\/wp-json\/wp\/v2\/pages"}],"about":[{"href":"https:\/\/www.esmovia.es\/en\/wp-json\/wp\/v2\/types\/page"}],"author":[{"embeddable":true,"href":"https:\/\/www.esmovia.es\/en\/wp-json\/wp\/v2\/users\/3"}],"replies":[{"embeddable":true,"href":"https:\/\/www.esmovia.es\/en\/wp-json\/wp\/v2\/comments?post=5007"}],"version-history":[{"count":2,"href":"https:\/\/www.esmovia.es\/en\/wp-json\/wp\/v2\/pages\/5007\/revisions"}],"predecessor-version":[{"id":5010,"href":"https:\/\/www.esmovia.es\/en\/wp-json\/wp\/v2\/pages\/5007\/revisions\/5010"}],"wp:attachment":[{"href":"https:\/\/www.esmovia.es\/en\/wp-json\/wp\/v2\/media?parent=5007"}],"curies":[{"name":"wp","href":"https:\/\/api.w.org\/{rel}","templated":true}]}}